{"id":221,"date":"2025-01-23T22:42:25","date_gmt":"2025-01-23T22:42:25","guid":{"rendered":"https:\/\/gavitojaimedental.com\/?page_id=221"},"modified":"2025-01-23T23:35:40","modified_gmt":"2025-01-23T23:35:40","slug":"about-us","status":"publish","type":"page","link":"https:\/\/gavitojaimedental.com\/es\/about-us\/","title":{"rendered":"Nosotros"},"content":{"rendered":"<div data-elementor-type=\"wp-page\" data-elementor-id=\"221\" class=\"elementor elementor-221\">\n\t\t\t\t<div class=\"elementor-element elementor-element-ed9b6e6 e-flex e-con-boxed e-con e-parent\" data-id=\"ed9b6e6\" data-element_type=\"container\" data-e-type=\"container\" data-settings=\"{&quot;background_background&quot;:&quot;classic&quot;}\">\n\t\t\t\t\t<div class=\"e-con-inner\">\n\t\t\t\t<div class=\"elementor-element elementor-element-2192095 elementor-widget elementor-widget-heading\" data-id=\"2192095\" data-element_type=\"widget\" data-e-type=\"widget\" data-widget_type=\"heading.default\">\n\t\t\t\t<div class=\"elementor-widget-container\">\n\t\t\t\t\t<h2 class=\"elementor-heading-title elementor-size-default\">Nosotros<\/h2>\t\t\t\t<\/div>\n\t\t\t\t<\/div>\n\t\t\t\t\t<\/div>\n\t\t\t\t<\/div>\n\t\t<div class=\"elementor-element elementor-element-1c5b74c e-flex e-con-boxed e-con e-parent\" data-id=\"1c5b74c\" data-element_type=\"container\" data-e-type=\"container\">\n\t\t\t\t\t<div class=\"e-con-inner\">\n\t\t\t\t<div class=\"elementor-element elementor-element-799859d elementor-view-default elementor-widget elementor-widget-icon\" data-id=\"799859d\" data-element_type=\"widget\" data-e-type=\"widget\" data-widget_type=\"icon.default\">\n\t\t\t\t<div class=\"elementor-widget-container\">\n\t\t\t\t\t\t\t<div class=\"elementor-icon-wrapper\">\n\t\t\t<div class=\"elementor-icon\">\n\t\t\t<svg xmlns=\"http:\/\/www.w3.org\/2000\/svg\" xmlns:xlink=\"http:\/\/www.w3.org\/1999\/xlink\" width=\"512\" height=\"512\" x=\"0\" y=\"0\" viewbox=\"0 0 512 512\" style=\"enable-background:new 0 0 512 512\" xml:space=\"preserve\" class=\"\"><g><lineargradient id=\"a\" x1=\"256\" x2=\"256\" y1=\".057\" y2=\"503.667\" gradientunits=\"userSpaceOnUse\"><stop stop-opacity=\"1\" stop-color=\"#39b6af\" offset=\"0\"><\/stop><stop stop-opacity=\"1\" stop-color=\"#39b6af\" offset=\"1\"><\/stop><\/lineargradient><lineargradient xlink:href=\"#a\" id=\"b\" x1=\"192\" x2=\"192\" y1=\".057\" y2=\"503.667\"><\/lineargradient><lineargradient xlink:href=\"#a\" id=\"c\" x1=\"304\" x2=\"304\" y1=\".057\" y2=\"503.667\"><\/lineargradient><path fill=\"url(#a)\" d=\"M496 152V32h-73.837a23.881 23.881 0 0 1-8.914-1.717l-28.555-11.42A39.798 39.798 0 0 0 369.837 16H248.863a40.017 40.017 0 0 0-20.58 5.7L96.181 100.962a29.365 29.365 0 0 0 1.121 50.982q-3.161 2.83-6.102 5.965a102.586 102.586 0 0 0 1.201 140.433l38.37 39.676a56.25 56.25 0 0 0-7.525 2.221L70.55 360H16v120h73.837a23.881 23.881 0 0 1 8.914 1.717l28.555 11.42A39.798 39.798 0 0 0 142.163 496h120.974a40.017 40.017 0 0 0 20.58-5.7l132.327-79.397a29.112 29.112 0 0 0-26.445-51.72l-49.217 21.093 79.217-81.934a102.597 102.597 0 0 0 2.448-139.066L441.45 152zM448 48h32v88h-32zM64 464H32v-88h32zm331.901-90.11a13.11 13.11 0 0 1 11.91 23.293L275.485 476.58a24.007 24.007 0 0 1-12.347 3.42H142.163a23.881 23.881 0 0 1-8.914-1.717l-28.555-11.42A39.798 39.798 0 0 0 89.837 464H80v-90.456l48.863-18.324a39.697 39.697 0 0 1 17.103-2.43c20.571 1.578 58.182 4.457 78.945 6.003a15.214 15.214 0 0 1 13.044 9.636l.188.468A14.8 14.8 0 0 1 226.786 389l-68.074 11.105 2.576 15.791 14.852-2.422 48.14 20.523a40.196 40.196 0 0 0 31.444-.03zm36.096-145.702a85.414 85.414 0 0 1-23.9 59.032L302.382 396.56 249.42 419.26a24.1 24.1 0 0 1-18.865.018l-24.909-10.618 23.715-3.869a30.798 30.798 0 0 0 23.636-41.834l-.187-.469a31.101 31.101 0 0 0-26.711-19.65c-19.143-1.424-52.618-3.985-73.836-5.612l-48.36-50.006a86.587 86.587 0 0 1-1.011-118.388 77.646 77.646 0 0 1 25.479-18.116l.772-.334a79.921 79.921 0 0 1 30.826-6.378c.236-.002.47-.003.706-.003a82.854 82.854 0 0 1 59.314 25.122L256 206.356l35.562-36.77c21.381 1.603 54.437 4.134 73.248 5.578q2.18.167 4.347.167a55.532 55.532 0 0 0 19.597-3.57l16.94-6.352a78.763 78.763 0 0 1 3.414 3.422 85.503 85.503 0 0 1 22.89 59.357zm-172.995-79.144.188.469a31.27 31.27 0 0 0 14.096 15.954L256 183.34l-24.508-25.342a98.882 98.882 0 0 0-53.888-28.537l94.416-40.757 34.333 14.636-23.715 3.869a30.798 30.798 0 0 0-23.636 41.834zM432 138.456l-48.863 18.324a39.621 39.621 0 0 1-17.103 2.43c-20.571-1.578-58.182-4.457-78.945-6.003a15.214 15.214 0 0 1-13.044-9.636l-.188-.468A14.8 14.8 0 0 1 285.214 123l68.074-11.105-2.576-15.791-14.852 2.422-63.88-27.232-147.49 63.668c-1.19.482-2.366.995-3.533 1.525l-4.387 1.894a13.347 13.347 0 0 1-12.157-23.7L236.516 35.42A24.007 24.007 0 0 1 248.863 32h120.974a23.881 23.881 0 0 1 8.914 1.717l28.555 11.42A39.798 39.798 0 0 0 422.163 48H432z\" opacity=\"1\" data-original=\"url(#a)\"><\/path><path fill=\"url(#b)\" d=\"M216 208h-48v32h-32v48h32v32h48v-32h32v-48h-32zm16 48v16h-32v32h-16v-32h-32v-16h32v-32h16v32z\" opacity=\"1\" data-original=\"url(#b)\" class=\"\"><\/path><path fill=\"url(#c)\" d=\"m330.733 236.423-10.058-5.03A23.862 23.862 0 0 0 328 214.112v-4.222a24 24 0 0 0-34.732-21.466h-.002A23.866 23.866 0 0 0 280 209.89v4.222a23.862 23.862 0 0 0 7.325 17.283l-10.057 5.029A23.867 23.867 0 0 0 264 257.889v35.055l16 8V352h48v-51.056l16-8V257.89a23.868 23.868 0 0 0-13.267-21.466zM296 209.889a7.957 7.957 0 0 1 4.422-7.156h.002A7.999 7.999 0 0 1 312 209.89v4.222a7.956 7.956 0 0 1-4.423 7.156L304 223.056l-3.578-1.79a7.957 7.957 0 0 1-4.422-7.155zm32 73.167-16 8V336h-16v-44.944l-16-8v-25.167a7.956 7.956 0 0 1 4.423-7.156L304 240.944l19.578 9.79a7.957 7.957 0 0 1 4.422 7.155z\" opacity=\"1\" data-original=\"url(#c)\"><\/path><\/g><\/svg>\t\t\t<\/div>\n\t\t<\/div>\n\t\t\t\t\t\t<\/div>\n\t\t\t\t<\/div>\n\t\t\t\t<div class=\"elementor-element elementor-element-7f9d443 elementor-widget elementor-widget-heading\" data-id=\"7f9d443\" data-element_type=\"widget\" data-e-type=\"widget\" data-widget_type=\"heading.default\">\n\t\t\t\t<div class=\"elementor-widget-container\">\n\t\t\t\t\t<h2 class=\"elementor-heading-title elementor-size-default\">Calidad Humana<\/h2>\t\t\t\t<\/div>\n\t\t\t\t<\/div>\n\t\t\t\t<div class=\"elementor-element elementor-element-b1db296 elementor-widget__width-initial elementor-widget-mobile__width-initial elementor-widget elementor-widget-text-editor\" data-id=\"b1db296\" data-element_type=\"widget\" data-e-type=\"widget\" data-widget_type=\"text-editor.default\">\n\t\t\t\t<div class=\"elementor-widget-container\">\n\t\t\t\t\t\t\t\t\t<p>Nuestro equipo est\u00e1 dedicado al servicio y brinda el respeto, el buen trato y el servicio personalizado que los pacientes buscan. Experiencia cl\u00ednica, ofreciendo un trato preferencial en Diagn\u00f3stico y Rehabilitaci\u00f3n. La tecnolog\u00eda necesaria para la colocaci\u00f3n, rehabilitaci\u00f3n y tratamiento de implantes dentales.<\/p>\t\t\t\t\t\t\t\t<\/div>\n\t\t\t\t<\/div>\n\t\t\t\t\t<\/div>\n\t\t\t\t<\/div>\n\t\t<div class=\"elementor-element elementor-element-bb6c9ac e-flex e-con-boxed e-con e-parent\" data-id=\"bb6c9ac\" data-element_type=\"container\" data-e-type=\"container\">\n\t\t\t\t\t<div class=\"e-con-inner\">\n\t\t<div class=\"elementor-element elementor-element-b33afa8 e-con-full e-flex e-con e-child\" data-id=\"b33afa8\" data-element_type=\"container\" data-e-type=\"container\">\n\t\t\t\t<div class=\"elementor-element elementor-element-4ee1728 elementor-widget elementor-widget-image\" data-id=\"4ee1728\" data-element_type=\"widget\" data-e-type=\"widget\" data-widget_type=\"image.default\">\n\t\t\t\t<div class=\"elementor-widget-container\">\n\t\t\t\t\t\t\t\t\t\t\t\t\t\t\t<img fetchpriority=\"high\" decoding=\"async\" width=\"500\" height=\"1018\" src=\"https:\/\/gavitojaimedental.com\/wp-content\/uploads\/2025\/01\/dr.jpg\" class=\"attachment-large size-large wp-image-241\" alt=\"\" srcset=\"https:\/\/gavitojaimedental.com\/wp-content\/uploads\/2025\/01\/dr.jpg 500w, https:\/\/gavitojaimedental.com\/wp-content\/uploads\/2025\/01\/dr-147x300.jpg 147w, https:\/\/gavitojaimedental.com\/wp-content\/uploads\/2025\/01\/dr-6x12.jpg 6w\" sizes=\"(max-width: 500px) 100vw, 500px\" \/>\t\t\t\t\t\t\t\t\t\t\t\t\t\t\t<\/div>\n\t\t\t\t<\/div>\n\t\t\t\t<\/div>\n\t\t<div class=\"elementor-element elementor-element-aba7e2a e-con-full e-flex e-con e-child\" data-id=\"aba7e2a\" data-element_type=\"container\" data-e-type=\"container\">\n\t\t\t\t<div class=\"elementor-element elementor-element-d397766 elementor-widget elementor-widget-heading\" data-id=\"d397766\" data-element_type=\"widget\" data-e-type=\"widget\" data-widget_type=\"heading.default\">\n\t\t\t\t<div class=\"elementor-widget-container\">\n\t\t\t\t\t<h2 class=\"elementor-heading-title elementor-size-default\">Dr. Francisco Gavito<\/h2>\t\t\t\t<\/div>\n\t\t\t\t<\/div>\n\t\t\t\t<div class=\"elementor-element elementor-element-9c86fdc elementor-widget elementor-widget-text-editor\" data-id=\"9c86fdc\" data-element_type=\"widget\" data-e-type=\"widget\" data-widget_type=\"text-editor.default\">\n\t\t\t\t<div class=\"elementor-widget-container\">\n\t\t\t\t\t\t\t\t\t<p>Dr. Francisco Gavito has been involved in dentistry since 1995. He received his Dentistry degree from the prestigious <b>Universidad Autonoma de Guadalajara<\/b>, and also attended the Universidad Nacional Autonoma de M\u00e9xico, as well as as special training in the management of medically compromised patients. After finishing his studies he became a founding member of Gavito Jaime Dental Care Center, and has been working there ever since. He also studied dental implantology in 2008 and is certified by the <b>Mexican College of Dental Surgeons<\/b>, as well as the National Council of Restorative Dentistry.<\/p>\n<p>His years of experience has made him empathetic to patients who may be worried about having dental work done in the past, or those who are anxious during their visit to the dentist. In connection with this, Dr. Gavito\u2019s passion for dentistry has driven him to provide the necessary sensitivity to treat his patients with compassion&nbsp;<span style=\"background-color: var(--ast-global-color-5);\">and care while being very strict with details, in order to facilitate and give comfort in the chair, in a a friendly environment; transforming some of his patients into some very good friends.<\/span><\/p>\n<p><span style=\"font-style: inherit; font-weight: inherit; background-color: var(--ast-global-color-5);\">Dr. Francisco Gavito likes to work as a team with people worried about improving their quality of life not only through healthy smiles, but in overall health as well, working closely with oral surgeons, cardiologists and other medical specialties.<\/span><\/p>\n<p><span style=\"font-style: inherit; font-weight: inherit; background-color: var(--ast-global-color-5);\">He is also happily married to Dr. Beatriz Jaime and is the proud father of three children.&nbsp;<\/span><span style=\"font-style: inherit; font-weight: inherit; background-color: var(--ast-global-color-5);\">When he is not working, he likes to spend quality time with his family, play with his Belgian sheperd dog, listen to classic Rock music and play multiplayer online games.<\/span><\/p>\t\t\t\t\t\t\t\t<\/div>\n\t\t\t\t<\/div>\n\t\t\t\t<\/div>\n\t\t\t\t\t<\/div>\n\t\t\t\t<\/div>\n\t\t<div class=\"elementor-element elementor-element-ded0f80 e-flex e-con-boxed e-con e-parent\" data-id=\"ded0f80\" data-element_type=\"container\" data-e-type=\"container\">\n\t\t\t\t\t<div class=\"e-con-inner\">\n\t\t<div class=\"elementor-element elementor-element-2fa45c8 e-con-full e-flex e-con e-child\" data-id=\"2fa45c8\" data-element_type=\"container\" data-e-type=\"container\">\n\t\t\t\t<div class=\"elementor-element elementor-element-71ac9df elementor-widget elementor-widget-image\" data-id=\"71ac9df\" data-element_type=\"widget\" data-e-type=\"widget\" data-widget_type=\"image.default\">\n\t\t\t\t<div class=\"elementor-widget-container\">\n\t\t\t\t\t\t\t\t\t\t\t\t\t\t\t<img decoding=\"async\" width=\"500\" height=\"1018\" src=\"https:\/\/gavitojaimedental.com\/wp-content\/uploads\/2025\/01\/dra.jpg\" class=\"attachment-large size-large wp-image-245\" alt=\"\" srcset=\"https:\/\/gavitojaimedental.com\/wp-content\/uploads\/2025\/01\/dra.jpg 500w, https:\/\/gavitojaimedental.com\/wp-content\/uploads\/2025\/01\/dra-147x300.jpg 147w, https:\/\/gavitojaimedental.com\/wp-content\/uploads\/2025\/01\/dra-6x12.jpg 6w\" sizes=\"(max-width: 500px) 100vw, 500px\" \/>\t\t\t\t\t\t\t\t\t\t\t\t\t\t\t<\/div>\n\t\t\t\t<\/div>\n\t\t\t\t<\/div>\n\t\t<div class=\"elementor-element elementor-element-44f0f86 e-con-full e-flex e-con e-child\" data-id=\"44f0f86\" data-element_type=\"container\" data-e-type=\"container\">\n\t\t\t\t<div class=\"elementor-element elementor-element-7b25c22 elementor-widget elementor-widget-heading\" data-id=\"7b25c22\" data-element_type=\"widget\" data-e-type=\"widget\" data-widget_type=\"heading.default\">\n\t\t\t\t<div class=\"elementor-widget-container\">\n\t\t\t\t\t<h2 class=\"elementor-heading-title elementor-size-default\">Dr. Beatriz Jaime<\/h2>\t\t\t\t<\/div>\n\t\t\t\t<\/div>\n\t\t\t\t<div class=\"elementor-element elementor-element-4113dea elementor-widget elementor-widget-text-editor\" data-id=\"4113dea\" data-element_type=\"widget\" data-e-type=\"widget\" data-widget_type=\"text-editor.default\">\n\t\t\t\t<div class=\"elementor-widget-container\">\n\t\t\t\t\t\t\t\t\t<p>Dr. Beatriz has made dentistry a part of her life since 1995, she received her dentistry degree at the <b>Autonomous University of Guadalajara<\/b>, where she met with Dr. Gavito, After obtaining her general dentistry degree, she decided to specialize in the restoration of health and cosmetic smiles through the specialization of the <b>Oral Rehabilitation<\/b> of the <b>Autonomous University of Guadalajara<\/b>. In his constant search for knowledge, he entered the field of implantology, and has worked in that area.<\/p><p>She is the second founding member of Dr. Gavito and Dr. Jaime Dental are Center. Your approach to dentistry begins and ends with communication. She wants each patient to understand the importance of superior oral health and work with them to reach that point.<\/p><p>In her free time, Dr. Beatriz enjoys reading a good book and spending time with her three children, as well as taking long walks on the beach with her husband<\/p>\t\t\t\t\t\t\t\t<\/div>\n\t\t\t\t<\/div>\n\t\t\t\t<\/div>\n\t\t\t\t\t<\/div>\n\t\t\t\t<\/div>\n\t\t\t\t<\/div>","protected":false},"excerpt":{"rendered":"<p>About us Human Quality Our team is dedicated to service and provides respect, good treatment and personalized service that patients [&hellip;]<\/p>","protected":false},"author":1,"featured_media":0,"parent":0,"menu_order":0,"comment_status":"closed","ping_status":"closed","template":"elementor_header_footer","meta":{"site-sidebar-layout":"no-sidebar","site-content-layout":"","ast-site-content-layout":"full-width-container","site-content-style":"default","site-sidebar-style":"default","ast-global-header-display":"","ast-banner-title-visibility":"","ast-main-header-display":"","ast-hfb-above-header-display":"","ast-hfb-below-header-display":"","ast-hfb-mobile-header-display":"","site-post-title":"disabled","ast-breadcrumbs-content":"","ast-featured-img":"disabled","footer-sml-layout":"","ast-disable-related-posts":"","theme-transparent-header-meta":"default","adv-header-id-meta":"","stick-header-meta":"default","header-above-stick-meta":"","header-main-stick-meta":"","header-below-stick-meta":"","astra-migrate-meta-layouts":"set","ast-page-background-enabled":"default","ast-page-background-meta":{"desktop":{"background-color":"var(--ast-global-color-5)","background-image":"","background-repeat":"repeat","background-position":"center center","background-size":"auto","background-attachment":"scroll","background-type":"","background-media":"","overlay-type":"","overlay-color":"","overlay-opacity":"","overlay-gradient":""},"tablet":{"background-color":"","background-image":"","background-repeat":"repeat","background-position":"center center","background-size":"auto","background-attachment":"scroll","background-type":"","background-media":"","overlay-type":"","overlay-color":"","overlay-opacity":"","overlay-gradient":""},"mobile":{"background-color":"","background-image":"","background-repeat":"repeat","background-position":"center center","background-size":"auto","background-attachment":"scroll","background-type":"","background-media":"","overlay-type":"","overlay-color":"","overlay-opacity":"","overlay-gradient":""}},"ast-content-background-meta":{"desktop":{"background-color":"var(--ast-global-color-4)","background-image":"","background-repeat":"repeat","background-position":"center center","background-size":"auto","background-attachment":"scroll","background-type":"","background-media":"","overlay-type":"","overlay-color":"","overlay-opacity":"","overlay-gradient":""},"tablet":{"background-color":"var(--ast-global-color-4)","background-image":"","background-repeat":"repeat","background-position":"center center","background-size":"auto","background-attachment":"scroll","background-type":"","background-media":"","overlay-type":"","overlay-color":"","overlay-opacity":"","overlay-gradient":""},"mobile":{"background-color":"var(--ast-global-color-4)","background-image":"","background-repeat":"repeat","background-position":"center center","background-size":"auto","background-attachment":"scroll","background-type":"","background-media":"","overlay-type":"","overlay-color":"","overlay-opacity":"","overlay-gradient":""}},"_joinchat":[],"footnotes":""},"class_list":["post-221","page","type-page","status-publish","hentry"],"yoast_head":"<!-- This site is optimized with the Yoast SEO plugin v26.3 - https:\/\/yoast.com\/wordpress\/plugins\/seo\/ -->\n<title>About us - Dental Clinic Dr. Francisco Gavito - Dr. Beatriz Jaime<\/title>\n<meta name=\"robots\" content=\"index, follow, max-snippet:-1, max-image-preview:large, max-video-preview:-1\" \/>\n<link rel=\"canonical\" href=\"https:\/\/gavitojaimedental.com\/es\/about-us\/\" \/>\n<meta property=\"og:locale\" content=\"es_MX\" \/>\n<meta property=\"og:type\" content=\"article\" \/>\n<meta property=\"og:title\" content=\"About us - Dental Clinic Dr. Francisco Gavito - Dr. Beatriz Jaime\" \/>\n<meta property=\"og:description\" content=\"About us Human Quality Our team is dedicated to service and provides respect, good treatment and personalized service that patients [&hellip;]\" \/>\n<meta property=\"og:url\" content=\"https:\/\/gavitojaimedental.com\/es\/about-us\/\" \/>\n<meta property=\"og:site_name\" content=\"Dental Clinic Dr. Francisco Gavito - Dr. Beatriz Jaime\" \/>\n<meta property=\"article:publisher\" content=\"https:\/\/www.facebook.com\/GavitoJaimeDCC\" \/>\n<meta property=\"article:modified_time\" content=\"2025-01-23T23:35:40+00:00\" \/>\n<meta property=\"og:image\" content=\"https:\/\/gavitojaimedental.com\/wp-content\/uploads\/2025\/01\/dr.jpg\" \/>\n<meta name=\"twitter:card\" content=\"summary_large_image\" \/>\n<meta name=\"twitter:label1\" content=\"Tiempo de lectura\" \/>\n\t<meta name=\"twitter:data1\" content=\"3 minutos\" \/>\n<script type=\"application\/ld+json\" class=\"yoast-schema-graph\">{\"@context\":\"https:\/\/schema.org\",\"@graph\":[{\"@type\":\"WebPage\",\"@id\":\"https:\/\/gavitojaimedental.com\/about-us\/\",\"url\":\"https:\/\/gavitojaimedental.com\/about-us\/\",\"name\":\"About us - Dental Clinic Dr. Francisco Gavito - Dr. Beatriz Jaime\",\"isPartOf\":{\"@id\":\"https:\/\/gavitojaimedental.com\/#website\"},\"primaryImageOfPage\":{\"@id\":\"https:\/\/gavitojaimedental.com\/about-us\/#primaryimage\"},\"image\":{\"@id\":\"https:\/\/gavitojaimedental.com\/about-us\/#primaryimage\"},\"thumbnailUrl\":\"https:\/\/gavitojaimedental.com\/wp-content\/uploads\/2025\/01\/dr.jpg\",\"datePublished\":\"2025-01-23T22:42:25+00:00\",\"dateModified\":\"2025-01-23T23:35:40+00:00\",\"breadcrumb\":{\"@id\":\"https:\/\/gavitojaimedental.com\/about-us\/#breadcrumb\"},\"inLanguage\":\"es\",\"potentialAction\":[{\"@type\":\"ReadAction\",\"target\":[\"https:\/\/gavitojaimedental.com\/about-us\/\"]}]},{\"@type\":\"ImageObject\",\"inLanguage\":\"es\",\"@id\":\"https:\/\/gavitojaimedental.com\/about-us\/#primaryimage\",\"url\":\"https:\/\/gavitojaimedental.com\/wp-content\/uploads\/2025\/01\/dr.jpg\",\"contentUrl\":\"https:\/\/gavitojaimedental.com\/wp-content\/uploads\/2025\/01\/dr.jpg\"},{\"@type\":\"BreadcrumbList\",\"@id\":\"https:\/\/gavitojaimedental.com\/about-us\/#breadcrumb\",\"itemListElement\":[{\"@type\":\"ListItem\",\"position\":1,\"name\":\"Home\",\"item\":\"https:\/\/gavitojaimedental.com\/\"},{\"@type\":\"ListItem\",\"position\":2,\"name\":\"About us\"}]},{\"@type\":\"WebSite\",\"@id\":\"https:\/\/gavitojaimedental.com\/#website\",\"url\":\"https:\/\/gavitojaimedental.com\/\",\"name\":\"Dental Clinic Dr. Francisco Gavito - Dr. Beatriz Jaime\",\"description\":\"\",\"publisher\":{\"@id\":\"https:\/\/gavitojaimedental.com\/#organization\"},\"potentialAction\":[{\"@type\":\"SearchAction\",\"target\":{\"@type\":\"EntryPoint\",\"urlTemplate\":\"https:\/\/gavitojaimedental.com\/?s={search_term_string}\"},\"query-input\":{\"@type\":\"PropertyValueSpecification\",\"valueRequired\":true,\"valueName\":\"search_term_string\"}}],\"inLanguage\":\"es\"},{\"@type\":\"Organization\",\"@id\":\"https:\/\/gavitojaimedental.com\/#organization\",\"name\":\"Dental Clinic Dr. Francisco Gavito - Dr. Beatriz Jaime\",\"url\":\"https:\/\/gavitojaimedental.com\/\",\"logo\":{\"@type\":\"ImageObject\",\"inLanguage\":\"es\",\"@id\":\"https:\/\/gavitojaimedental.com\/#\/schema\/logo\/image\/\",\"url\":\"https:\/\/gavitojaimedental.com\/wp-content\/uploads\/2025\/01\/cropped-DENTAL-CLINIC-Gavito-Favicon.png\",\"contentUrl\":\"https:\/\/gavitojaimedental.com\/wp-content\/uploads\/2025\/01\/cropped-DENTAL-CLINIC-Gavito-Favicon.png\",\"width\":512,\"height\":512,\"caption\":\"Dental Clinic Dr. Francisco Gavito - Dr. Beatriz Jaime\"},\"image\":{\"@id\":\"https:\/\/gavitojaimedental.com\/#\/schema\/logo\/image\/\"},\"sameAs\":[\"https:\/\/www.facebook.com\/GavitoJaimeDCC\",\"https:\/\/www.instagram.com\/gavitojaime_dentalclinic\/\"]}]}<\/script>\n<!-- \/ Yoast SEO plugin. -->","yoast_head_json":{"title":"About us - Dental Clinic Dr. Francisco Gavito - Dr. Beatriz Jaime","robots":{"index":"index","follow":"follow","max-snippet":"max-snippet:-1","max-image-preview":"max-image-preview:large","max-video-preview":"max-video-preview:-1"},"canonical":"https:\/\/gavitojaimedental.com\/es\/about-us\/","og_locale":"es_MX","og_type":"article","og_title":"About us - Dental Clinic Dr. Francisco Gavito - Dr. Beatriz Jaime","og_description":"About us Human Quality Our team is dedicated to service and provides respect, good treatment and personalized service that patients [&hellip;]","og_url":"https:\/\/gavitojaimedental.com\/es\/about-us\/","og_site_name":"Dental Clinic Dr. Francisco Gavito - Dr. Beatriz Jaime","article_publisher":"https:\/\/www.facebook.com\/GavitoJaimeDCC","article_modified_time":"2025-01-23T23:35:40+00:00","og_image":[{"url":"https:\/\/gavitojaimedental.com\/wp-content\/uploads\/2025\/01\/dr.jpg","type":"","width":"","height":""}],"twitter_card":"summary_large_image","twitter_misc":{"Tiempo de lectura":"3 minutos"},"schema":{"@context":"https:\/\/schema.org","@graph":[{"@type":"WebPage","@id":"https:\/\/gavitojaimedental.com\/about-us\/","url":"https:\/\/gavitojaimedental.com\/about-us\/","name":"About us - Dental Clinic Dr. Francisco Gavito - Dr. Beatriz Jaime","isPartOf":{"@id":"https:\/\/gavitojaimedental.com\/#website"},"primaryImageOfPage":{"@id":"https:\/\/gavitojaimedental.com\/about-us\/#primaryimage"},"image":{"@id":"https:\/\/gavitojaimedental.com\/about-us\/#primaryimage"},"thumbnailUrl":"https:\/\/gavitojaimedental.com\/wp-content\/uploads\/2025\/01\/dr.jpg","datePublished":"2025-01-23T22:42:25+00:00","dateModified":"2025-01-23T23:35:40+00:00","breadcrumb":{"@id":"https:\/\/gavitojaimedental.com\/about-us\/#breadcrumb"},"inLanguage":"es","potentialAction":[{"@type":"ReadAction","target":["https:\/\/gavitojaimedental.com\/about-us\/"]}]},{"@type":"ImageObject","inLanguage":"es","@id":"https:\/\/gavitojaimedental.com\/about-us\/#primaryimage","url":"https:\/\/gavitojaimedental.com\/wp-content\/uploads\/2025\/01\/dr.jpg","contentUrl":"https:\/\/gavitojaimedental.com\/wp-content\/uploads\/2025\/01\/dr.jpg"},{"@type":"BreadcrumbList","@id":"https:\/\/gavitojaimedental.com\/about-us\/#breadcrumb","itemListElement":[{"@type":"ListItem","position":1,"name":"Home","item":"https:\/\/gavitojaimedental.com\/"},{"@type":"ListItem","position":2,"name":"About us"}]},{"@type":"WebSite","@id":"https:\/\/gavitojaimedental.com\/#website","url":"https:\/\/gavitojaimedental.com\/","name":"Dental Clinic Dr. Francisco Gavito - Dr. Beatriz Jaime","description":"","publisher":{"@id":"https:\/\/gavitojaimedental.com\/#organization"},"potentialAction":[{"@type":"SearchAction","target":{"@type":"EntryPoint","urlTemplate":"https:\/\/gavitojaimedental.com\/?s={search_term_string}"},"query-input":{"@type":"PropertyValueSpecification","valueRequired":true,"valueName":"search_term_string"}}],"inLanguage":"es"},{"@type":"Organization","@id":"https:\/\/gavitojaimedental.com\/#organization","name":"Dental Clinic Dr. Francisco Gavito - Dr. Beatriz Jaime","url":"https:\/\/gavitojaimedental.com\/","logo":{"@type":"ImageObject","inLanguage":"es","@id":"https:\/\/gavitojaimedental.com\/#\/schema\/logo\/image\/","url":"https:\/\/gavitojaimedental.com\/wp-content\/uploads\/2025\/01\/cropped-DENTAL-CLINIC-Gavito-Favicon.png","contentUrl":"https:\/\/gavitojaimedental.com\/wp-content\/uploads\/2025\/01\/cropped-DENTAL-CLINIC-Gavito-Favicon.png","width":512,"height":512,"caption":"Dental Clinic Dr. Francisco Gavito - Dr. Beatriz Jaime"},"image":{"@id":"https:\/\/gavitojaimedental.com\/#\/schema\/logo\/image\/"},"sameAs":["https:\/\/www.facebook.com\/GavitoJaimeDCC","https:\/\/www.instagram.com\/gavitojaime_dentalclinic\/"]}]}},"_links":{"self":[{"href":"https:\/\/gavitojaimedental.com\/es\/wp-json\/wp\/v2\/pages\/221","targetHints":{"allow":["GET"]}}],"collection":[{"href":"https:\/\/gavitojaimedental.com\/es\/wp-json\/wp\/v2\/pages"}],"about":[{"href":"https:\/\/gavitojaimedental.com\/es\/wp-json\/wp\/v2\/types\/page"}],"author":[{"embeddable":true,"href":"https:\/\/gavitojaimedental.com\/es\/wp-json\/wp\/v2\/users\/1"}],"replies":[{"embeddable":true,"href":"https:\/\/gavitojaimedental.com\/es\/wp-json\/wp\/v2\/comments?post=221"}],"version-history":[{"count":0,"href":"https:\/\/gavitojaimedental.com\/es\/wp-json\/wp\/v2\/pages\/221\/revisions"}],"wp:attachment":[{"href":"https:\/\/gavitojaimedental.com\/es\/wp-json\/wp\/v2\/media?parent=221"}],"curies":[{"name":"wp","href":"https:\/\/api.w.org\/{rel}","templated":true}]}}